{"id":869,"date":"2016-01-21T08:22:11","date_gmt":"2016-01-21T08:22:11","guid":{"rendered":"http:\/\/superiorcarbon.com\/?page_id=869"},"modified":"2016-01-21T08:22:11","modified_gmt":"2016-01-21T08:22:11","slug":"about-us-old","status":"publish","type":"page","link":"https:\/\/superiorcarbon.com\/en\/about-us-old\/","title":{"rendered":"About Us"},"content":{"rendered":"<section class=\"section section-padded \"><div class=\"container-fluid\"><div class=\"section-header\"><h1>Superior Carb\u00f3n<\/h1><\/div><div class=\"row-fluid\"><div class=\"row-fluid\"><div class=\"span6\"><img alt=\"Superior Carb\u00f3n\" class=\"push-bottom\" src=\"\"><\/div><div class=\"span6\"><p class=\"lead\">Superior Carb\u00f3n Products, S.A. (SCP) es una empresa espa\u00f1ola dedicada a la fabricaci\u00f3n de piezas en distintos materiales de carb\u00f3n, tanto para la aplicaci\u00f3n el\u00e9ctrica como para la mec\u00e1nica.\r\n\r\nTambi\u00e9n fabrica piezas met\u00e1licas que complementan al carb\u00f3n, como son los portaescobillas, portarrulinas, contactos el\u00e9ctricos, etc...\r\nLa empresa se fund\u00f3 en 1942 bajo la denominaci\u00f3n de FRANGEL Carbones El\u00e9ctricos, S.A. y en 2012 absorbi\u00f3 a la tambi\u00e9n fabricante de portaescobillas \u201cGarc\u00eda Muro\u201d.\r\n\r\nLa experiencia y conocimientos adquiridos permiten aportar soluciones a la medida de las necesidades de los clientes y hacerlo en tiempos de entrega realmente cortos.<\/p><\/div><\/div><\/div><\/div><\/section>\n<section class=\"section section-padded section-alt \"><div class=\"container-fluid\"><div class=\"section-header\"><h1>Creative <span class=\"light\">Department<\/span><\/h1><\/div><div class=\"row-fluid\"><ul class=\"unstyled row-fluid\"><li class=\"span4\"><div class=\"round-box box-big\"><span class=\"box-inner\"><img alt=\"Maverick Dave\" class=\"img-circle\" src=\"https:\/\/superiorcarbon.com\/wp-content\/uploads\/2013\/03\/man-1-300x300.jpg\"><\/span><\/div><h3 class=\"text-center\">Maverick Dave<small class=\"block\">Senior Usability Agent<\/small><\/h3><p>Cras nisi tortor, lacinia sit amet porta nec, ornare vel felis. Phasellus fermentum porta est, eget blandit felis egestas placerat. Integer pharetra sem non tellus facilisis viverra. Integer mollis odio ac dolor mattis facilisis.<\/p><ul class=\"inline text-center big social-icons\"><\/ul><\/li><li class=\"span4\"><div class=\"round-box box-big\"><span class=\"box-inner\"><img alt=\"Carl Tylor\" class=\"img-circle\" src=\"https:\/\/superiorcarbon.com\/wp-content\/uploads\/2013\/03\/man-2-300x300.jpg\"><\/span><\/div><h3 class=\"text-center\">Carl Tylor<small class=\"block\">Direct Assurance Associate<\/small><\/h3><p>Maecenas egestas nulla vitae quam sollicitudin sed aliquam velit rutrum. Sed pulvinar lectus in leo tempor venenatis. Curabitur blandit posuere lorem, ut lobortis lorem hendrerit nec. Nulla accumsan urna congue nunc fringilla.<\/p><ul class=\"inline text-center big social-icons\"><\/ul><\/li><li class=\"span4\"><div class=\"round-box box-big\"><span class=\"box-inner\"><img alt=\"Jaxon Casey\" class=\"img-circle\" src=\"https:\/\/superiorcarbon.com\/wp-content\/uploads\/2013\/03\/man-3-300x300.jpg\"><\/span><\/div><h3 class=\"text-center\">Jaxon Casey<small class=\"block\">Legacy Communications Director<\/small><\/h3><p>Donec velit augue, mattis nec varius et, pellentesque ut tellus. Proin nibh nibh, viverra vel congue quis, pharetra a dolor. Vivamus neque ligula, pellentesque ut rutrum eget, venenatis nec ipsum. Vivamus faucibus tellus non mauris.<\/p><ul class=\"inline text-center big social-icons\"><\/ul><\/li><\/ul><\/div><\/div><\/section>\n<section class=\"section section-padded \"><div class=\"container-fluid\"><div class=\"section-header\"><h1>Developer <span class=\"light\">Department<\/span><\/h1><\/div><div class=\"row-fluid\"><ul class=\"unstyled row-fluid\"><li class=\"span4\"><div class=\"round-box box-big\"><span class=\"box-inner\"><img alt=\"Curt Gale\" class=\"img-circle\" src=\"https:\/\/superiorcarbon.com\/wp-content\/uploads\/2013\/03\/man-4-300x300.jpg\"><\/span><\/div><h3 class=\"text-center\">Curt Gale<small class=\"block\">Human Accounts Developer<\/small><\/h3><p>Donec velit augue, mattis nec varius et, pellentesque ut tellus. Proin nibh nibh, viverra vel congue quis, pharetra a dolor. Vivamus neque ligula, pellentesque ut rutrum eget, venenatis nec ipsum. Vivamus faucibus tellus non mauris.<\/p><ul class=\"inline text-center big social-icons\"><\/ul><\/li><li class=\"span4\"><div class=\"round-box box-big\"><span class=\"box-inner\"><img alt=\"Tayler Esmund\" class=\"img-circle\" src=\"https:\/\/superiorcarbon.com\/wp-content\/uploads\/2013\/03\/woman-1-300x300.jpg\"><\/span><\/div><h3 class=\"text-center\">Tayler Esmund<small class=\"block\">Dynamic Integration Analyst<\/small><\/h3><p>Cras nisi tortor, lacinia sit amet porta nec, ornare vel felis. Phasellus fermentum porta est, eget blandit felis egestas placerat. Integer pharetra sem non tellus facilisis viverra. Integer mollis odio ac dolor mattis facilisis.<\/p><ul class=\"inline text-center big social-icons\"><\/ul><\/li><li class=\"span4\"><div class=\"round-box box-big\"><span class=\"box-inner\"><img alt=\"Tibby Bertram\" class=\"img-circle\" src=\"https:\/\/superiorcarbon.com\/wp-content\/uploads\/2013\/03\/woman-3-300x300.jpg\"><\/span><\/div><h3 class=\"text-center\">Tibby Bertram<small class=\"block\">Direct Optimization Agent<\/small><\/h3><p>Maecenas egestas nulla vitae quam sollicitudin sed aliquam velit rutrum. Sed pulvinar lectus in leo tempor venenatis. Curabitur blandit posuere lorem, ut lobortis lorem hendrerit nec. Nulla accumsan urna congue nunc fringilla.<\/p><ul class=\"inline text-center big social-icons\"><\/ul><\/li><\/ul><\/div><\/div><\/section>\n","protected":false},"excerpt":{"rendered":"","protected":false},"author":1,"featured_media":0,"parent":0,"menu_order":0,"comment_status":"open","ping_status":"open","template":"template-full-nopad.php","meta":[],"_links":{"self":[{"href":"https:\/\/superiorcarbon.com\/en\/wp-json\/wp\/v2\/pages\/869"}],"collection":[{"href":"https:\/\/superiorcarbon.com\/en\/wp-json\/wp\/v2\/pages"}],"about":[{"href":"https:\/\/superiorcarbon.com\/en\/wp-json\/wp\/v2\/types\/page"}],"author":[{"embeddable":true,"href":"https:\/\/superiorcarbon.com\/en\/wp-json\/wp\/v2\/users\/1"}],"replies":[{"embeddable":true,"href":"https:\/\/superiorcarbon.com\/en\/wp-json\/wp\/v2\/comments?post=869"}],"version-history":[{"count":1,"href":"https:\/\/superiorcarbon.com\/en\/wp-json\/wp\/v2\/pages\/869\/revisions"}],"predecessor-version":[{"id":870,"href":"https:\/\/superiorcarbon.com\/en\/wp-json\/wp\/v2\/pages\/869\/revisions\/870"}],"wp:attachment":[{"href":"https:\/\/superiorcarbon.com\/en\/wp-json\/wp\/v2\/media?parent=869"}],"curies":[{"name":"wp","href":"https:\/\/api.w.org\/{rel}","templated":true}]}}